{"id":67,"date":"2021-10-16T20:56:50","date_gmt":"2021-10-16T18:56:50","guid":{"rendered":"https:\/\/parkietekspert.wordpress.com\/?page_id=67"},"modified":"2026-01-20T23:11:37","modified_gmt":"2026-01-20T22:11:37","slug":"dokumenty-zalozycielskie","status":"publish","type":"page","link":"https:\/\/parkietekspert.pl\/index.php\/dokumenty-zalozycielskie\/","title":{"rendered":"Dokumenty za\u0142o\u017cycielskie oraz historia stowarzyszenia"},"content":{"rendered":"\n<div class=\"wp-block-file\"><a id=\"wp-block-file--media-9838bce4-7217-413a-aef0-6fc23e494d88\" href=\"https:\/\/parkietekspert.pl\/wp-content\/uploads\/2026\/01\/Uchwala-z-dn.-16-stycznia-2026-r.-wybor-nowych-wladz-Zwiazku.pdf\">Uchwa\u0142a z dnia 16 stycznia 2026 r. &#8211; wyb\u00f3r nowych w\u0142adz\nZwi\u0105zku Rzeczoznawc\u00f3w ParkietEkspert<\/a><a href=\"https:\/\/parkietekspert.pl\/wp-content\/uploads\/2026\/01\/Uchwala-z-dn.-16-stycznia-2026-r.-wybor-nowych-wladz-Zwiazku.pdf\" class=\"wp-block-file__button\" download aria-describedby=\"wp-block-file--media-9838bce4-7217-413a-aef0-6fc23e494d88\">Pobierz<\/a><\/div>\n\n\n\n<div class=\"wp-block-file\"><a id=\"wp-block-file--media-9838bce4-7217-413a-aef0-6fc23e494d88\" href=\"https:\/\/parkietekspert.pl\/wp-content\/uploads\/2026\/01\/Regulamin-Zwiazku-Rzeczoznawcow-2026.pdf\">Regulamin Zwi\u0105zku Rzeczoznawc\u00f3w 2026 r.<\/a><a href=\"https:\/\/parkietekspert.pl\/wp-content\/uploads\/2026\/01\/Regulamin-Zwiazku-Rzeczoznawcow-2026.pdf\" class=\"wp-block-file__button\" download aria-describedby=\"wp-block-file--media-9838bce4-7217-413a-aef0-6fc23e494d88\">Pobierz<\/a><\/div>\n\n\n\n<div class=\"wp-block-file\"><a id=\"wp-block-file--media-db238dd7-1dd6-41f7-8427-78bce27d1703\" href=\"http:\/\/parkietekspert.pl\/wp-content\/uploads\/2021\/11\/regulamin-zwiazku-rzeczoznawcow-2018.pdf\">Regulamin Zwi\u0105zku Rzeczoznawc\u00f3w 2018<\/a><a href=\"http:\/\/parkietekspert.pl\/wp-content\/uploads\/2021\/11\/regulamin-zwiazku-rzeczoznawcow-2018.pdf\" class=\"wp-block-file__button\" download aria-describedby=\"wp-block-file--media-db238dd7-1dd6-41f7-8427-78bce27d1703\">Pobierz<\/a><\/div>\n\n\n\n<div class=\"wp-block-group\"><div class=\"wp-block-group__inner-container is-layout-flow wp-block-group-is-layout-flow\">\n<div class=\"wp-block-file\"><a id=\"wp-block-file--media-a80620d5-8e3d-4a1b-a8ac-b4d1f7c1252c\" href=\"http:\/\/parkietekspert.pl\/wp-content\/uploads\/2021\/11\/regulamin-dzialania-komisji-etyki-zawodowej-2018.pdf\">Regulamin dzia\u0142ania Komisji Etyki Zawodowej 2018<\/a><a href=\"http:\/\/parkietekspert.pl\/wp-content\/uploads\/2021\/11\/regulamin-dzialania-komisji-etyki-zawodowej-2018.pdf\" class=\"wp-block-file__button\" download aria-describedby=\"wp-block-file--media-a80620d5-8e3d-4a1b-a8ac-b4d1f7c1252c\">Pobierz<\/a><\/div>\n<\/div><\/div>\n\n\n\n<div class=\"wp-block-file\"><a id=\"wp-block-file--media-50cd18e1-e68d-483d-8f82-e24e932d922e\" href=\"http:\/\/parkietekspert.pl\/wp-content\/uploads\/2021\/11\/regulamin-stowarzyszenia-zwyklego-e2809ezwiazek-rzeczoznawcow-z-zakresu-parkieciarstwa-i-posadzek-drewnianych.pdf\">Regulamin Stowarzyszenia zwyk\u0142ego \u201eZwi\u0105zek Rzeczoznawc\u00f3w z zakresu parkieciarstwa i posadzek drewnianych\u201d<\/a><a href=\"http:\/\/parkietekspert.pl\/wp-content\/uploads\/2021\/11\/regulamin-stowarzyszenia-zwyklego-e2809ezwiazek-rzeczoznawcow-z-zakresu-parkieciarstwa-i-posadzek-drewnianych.pdf\" class=\"wp-block-file__button\" download aria-describedby=\"wp-block-file--media-50cd18e1-e68d-483d-8f82-e24e932d922e\">Pobierz<\/a><\/div>\n\n\n\n<div class=\"wp-block-file\"><a id=\"wp-block-file--media-c88d3d23-84fc-41b4-a492-c4d7d6c835d3\" href=\"http:\/\/parkietekspert.pl\/wp-content\/uploads\/2021\/11\/kodeks-etyczny-rzeczoznawcy.pdf\">Kodeks Etyczny Rzeczoznawcy<\/a><a href=\"http:\/\/parkietekspert.pl\/wp-content\/uploads\/2021\/11\/kodeks-etyczny-rzeczoznawcy.pdf\" class=\"wp-block-file__button\" download aria-describedby=\"wp-block-file--media-c88d3d23-84fc-41b4-a492-c4d7d6c835d3\">Pobierz<\/a><\/div>\n\n\n\n<div class=\"wp-block-file\"><a id=\"wp-block-file--media-ddae2ea4-aea3-420f-acb0-328f23635898\" href=\"http:\/\/parkietekspert.pl\/wp-content\/uploads\/2021\/11\/regulamin-dzialania-komisji-etyki-zawodowej.pdf\">Regulamin dzia\u0142ania Komisji Etyki Zawodowej<\/a><a href=\"http:\/\/parkietekspert.pl\/wp-content\/uploads\/2021\/11\/regulamin-dzialania-komisji-etyki-zawodowej.pdf\" class=\"wp-block-file__button\" download aria-describedby=\"wp-block-file--media-ddae2ea4-aea3-420f-acb0-328f23635898\">Pobierz<\/a><\/div>\n\n\n\n<div class=\"wp-block-file\"><a id=\"wp-block-file--media-fa9e437e-075d-4949-98bd-3ba3ab32775f\" href=\"http:\/\/parkietekspert.pl\/wp-content\/uploads\/2021\/11\/wyjasnienia-do-kodeksu-etycznego.pdf\">Wyja\u015bnienia do kodeksu etycznego<\/a><a href=\"http:\/\/parkietekspert.pl\/wp-content\/uploads\/2021\/11\/wyjasnienia-do-kodeksu-etycznego.pdf\" class=\"wp-block-file__button\" download aria-describedby=\"wp-block-file--media-fa9e437e-075d-4949-98bd-3ba3ab32775f\">Pobierz<\/a><\/div>\n\n\n\n<div class=\"wp-block-file\"><a id=\"wp-block-file--media-514fccbc-8c25-4cea-9236-7c0872837841\" href=\"http:\/\/parkietekspert.pl\/wp-content\/uploads\/2021\/11\/uchwala-z-dnia-10-czerwca-2017-r.-wybor-nowych-wladz-zwiazku.pdf\">Uchwa\u0142a z dnia 10 czerwca 2017 r. &#8211; wyb\u00f3r nowych w\u0142adz Zwi\u0105zku<\/a><a href=\"http:\/\/parkietekspert.pl\/wp-content\/uploads\/2021\/11\/uchwala-z-dnia-10-czerwca-2017-r.-wybor-nowych-wladz-zwiazku.pdf\" class=\"wp-block-file__button\" download aria-describedby=\"wp-block-file--media-514fccbc-8c25-4cea-9236-7c0872837841\">Pobierz<\/a><\/div>\n\n\n\n<div class=\"wp-block-file\"><a id=\"wp-block-file--media-f6762825-3abf-4795-b687-ac655b50d3dc\" href=\"http:\/\/parkietekspert.pl\/wp-content\/uploads\/2021\/11\/uchwala-z-dnia-4-pazdziernika-2014-r.pdf\">Uchwa\u0142a z dnia 4 pa\u017adziernika 2014 r.<\/a><a href=\"http:\/\/parkietekspert.pl\/wp-content\/uploads\/2021\/11\/uchwala-z-dnia-4-pazdziernika-2014-r.pdf\" class=\"wp-block-file__button\" download aria-describedby=\"wp-block-file--media-f6762825-3abf-4795-b687-ac655b50d3dc\">Pobierz<\/a><\/div>\n\n\n\n<div class=\"wp-block-file\"><a id=\"wp-block-file--media-05b20aa8-11ef-4de0-a501-c8ff18bfbbdb\" href=\"http:\/\/parkietekspert.pl\/wp-content\/uploads\/2021\/11\/uchwala-z-dn.-31.05.2014-r.-wybor-nowych-wladz.pdf\">Uchwa\u0142a z dn. 31.05.2014 r. &#8211; wyb\u00f3r nowych w\u0142adz<\/a><a href=\"http:\/\/parkietekspert.pl\/wp-content\/uploads\/2021\/11\/uchwala-z-dn.-31.05.2014-r.-wybor-nowych-wladz.pdf\" class=\"wp-block-file__button\" download aria-describedby=\"wp-block-file--media-05b20aa8-11ef-4de0-a501-c8ff18bfbbdb\">Pobierz<\/a><\/div>\n\n\n\n<div class=\"wp-block-file\"><a id=\"wp-block-file--media-1d843be2-f6ff-431f-ac5d-cf68ed0df7fc\" href=\"http:\/\/parkietekspert.pl\/wp-content\/uploads\/2021\/11\/uchwala-z-dn.-31.05.2014-r.pdf\">Uchwa\u0142a z dn. 31.05.2014 r.<\/a><a href=\"http:\/\/parkietekspert.pl\/wp-content\/uploads\/2021\/11\/uchwala-z-dn.-31.05.2014-r.pdf\" class=\"wp-block-file__button\" download aria-describedby=\"wp-block-file--media-1d843be2-f6ff-431f-ac5d-cf68ed0df7fc\">Pobierz<\/a><\/div>\n\n\n\n<div class=\"wp-block-file\"><a id=\"wp-block-file--media-604e4bf4-2b9f-4e94-b721-e9e96cc40d2a\" href=\"http:\/\/parkietekspert.pl\/wp-content\/uploads\/2021\/11\/uchwala-z-dn.-26.11.2011r.-wybor-nowych-wladz-zwiazku.pdf\">Uchwa\u0142a z dn. 26.11.2011r. &#8211; wyb\u00f3r nowych w\u0142adz Zwi\u0105zku<\/a><a href=\"http:\/\/parkietekspert.pl\/wp-content\/uploads\/2021\/11\/uchwala-z-dn.-26.11.2011r.-wybor-nowych-wladz-zwiazku.pdf\" class=\"wp-block-file__button\" download aria-describedby=\"wp-block-file--media-604e4bf4-2b9f-4e94-b721-e9e96cc40d2a\">Pobierz<\/a><\/div>\n\n\n\n<div class=\"wp-block-file\"><a id=\"wp-block-file--media-9838bce4-7217-413a-aef0-6fc23e494d88\" href=\"http:\/\/parkietekspert.pl\/wp-content\/uploads\/2021\/11\/uchwala-z-dn.-09.10.2010-r.pdf\">Uchwa\u0142a z dn. 09.10.2010 r.<\/a><a href=\"http:\/\/parkietekspert.pl\/wp-content\/uploads\/2021\/11\/uchwala-z-dn.-09.10.2010-r.pdf\" class=\"wp-block-file__button\" download aria-describedby=\"wp-block-file--media-9838bce4-7217-413a-aef0-6fc23e494d88\">Pobierz<\/a><\/div>\n\n\n\n<p><\/p>\n","protected":false},"excerpt":{"rendered":"<p>Uchwa\u0142a z dnia 16 stycznia 2026 r. &#8211; wyb\u00f3r nowych w\u0142adz Zwi\u0105zku Rzeczoznawc\u00f3w ParkietEkspertPobierz Regulamin Zwi\u0105zku Rzeczoznawc\u00f3w 2026 r.Pobierz<\/p>\n","protected":false},"author":1,"featured_media":0,"parent":0,"menu_order":0,"comment_status":"closed","ping_status":"closed","template":"","meta":{"neve_meta_sidebar":"","neve_meta_container":"","neve_meta_enable_content_width":"","neve_meta_content_width":0,"neve_meta_title_alignment":"","neve_meta_author_avatar":"","neve_post_elements_order":"","neve_meta_disable_header":"","neve_meta_disable_footer":"","neve_meta_disable_title":"","_themeisle_gutenberg_block_has_review":false,"footnotes":""},"class_list":["post-67","page","type-page","status-publish","hentry"],"_links":{"self":[{"href":"https:\/\/parkietekspert.pl\/index.php\/wp-json\/wp\/v2\/pages\/67","targetHints":{"allow":["GET"]}}],"collection":[{"href":"https:\/\/parkietekspert.pl\/index.php\/wp-json\/wp\/v2\/pages"}],"about":[{"href":"https:\/\/parkietekspert.pl\/index.php\/wp-json\/wp\/v2\/types\/page"}],"author":[{"embeddable":true,"href":"https:\/\/parkietekspert.pl\/index.php\/wp-json\/wp\/v2\/users\/1"}],"replies":[{"embeddable":true,"href":"https:\/\/parkietekspert.pl\/index.php\/wp-json\/wp\/v2\/comments?post=67"}],"version-history":[{"count":3,"href":"https:\/\/parkietekspert.pl\/index.php\/wp-json\/wp\/v2\/pages\/67\/revisions"}],"predecessor-version":[{"id":645,"href":"https:\/\/parkietekspert.pl\/index.php\/wp-json\/wp\/v2\/pages\/67\/revisions\/645"}],"wp:attachment":[{"href":"https:\/\/parkietekspert.pl\/index.php\/wp-json\/wp\/v2\/media?parent=67"}],"curies":[{"name":"wp","href":"https:\/\/api.w.org\/{rel}","templated":true}]}}