{"id":66,"date":"2021-10-16T20:56:50","date_gmt":"2021-10-16T18:56:50","guid":{"rendered":"https:\/\/parkietekspert.wordpress.com\/?page_id=66"},"modified":"2025-02-28T03:14:17","modified_gmt":"2025-02-28T02:14:17","slug":"aktualnosci","status":"publish","type":"page","link":"https:\/\/parkietekspert.pl\/index.php\/aktualnosci\/","title":{"rendered":"Aktualno\u015bci"},"content":{"rendered":"<div class=\"wp-block-themeisle-blocks-posts-grid\" id=\"wp-block-themeisle-blocks-posts-grid-01bff8a7\"><div class=\"is-list\"><div class=\"o-posts-grid-post-blog o-posts-grid-post-plain\"><div class=\"o-posts-grid-post\"><div class=\"o-posts-grid-post-body is-full\"><h4 class=\"o-posts-grid-post-title\"><a href=\"https:\/\/parkietekspert.pl\/index.php\/2021\/10\/21\/jesienne-seminarium-zwiazku-rzeczoznawcow-z-zakresu-parkieciarstwa-i-posadzek-drewnianych-poznan-22-pazdziernika-2021\/\">Jesienne seminarium Zwi\u0105zku Rzeczoznawc\u00f3w z zakresu parkieciarstwa i posadzek drewnianych  Pozna\u0144, 22 pa\u017adziernika 2021<\/a><\/h4><p class=\"o-posts-grid-post-meta\">Opublikowano w <time datetime=\"2021-10-21T23:20:02+02:00\">2021-10-21<\/time> autorstwa <a href=\"https:\/\/parkietekspert.pl\/index.php\/author\/admin\/\">admin<\/a><\/p><div class=\"o-posts-grid-post-description\"><p>Informujemy, \u017ce w pi\u0105tek 22 pa\u017adziernika 2021 r. Zwi\u0105zek Rzeczoznawc\u00f3w z zakresu parkieciarstwa i posadzek drewnianych organizuje otwarte spotkanie szkoleniowe dla rzeczoznawc\u00f3w, parkieciarzy i wszystkich zainteresowanych tematyk\u0105 pod\u0142ogow\u0105. Spotkanie odb\u0119dzie si\u0119 w :Instytut Technologii Drewna w Po\u2026<\/p><a class=\"o-posts-read-more\" href=\"https:\/\/parkietekspert.pl\/index.php\/2021\/10\/21\/jesienne-seminarium-zwiazku-rzeczoznawcow-z-zakresu-parkieciarstwa-i-posadzek-drewnianych-poznan-22-pazdziernika-2021\/\">Dowiedz si\u0119 wi\u0119cej<\/a><\/div><\/div><\/div><\/div><\/div> <\/div>","protected":false},"excerpt":{"rendered":"","protected":false},"author":1,"featured_media":0,"parent":0,"menu_order":0,"comment_status":"closed","ping_status":"closed","template":"","meta":{"neve_meta_sidebar":"","neve_meta_container":"","neve_meta_enable_content_width":"","neve_meta_content_width":0,"neve_meta_title_alignment":"","neve_meta_author_avatar":"","neve_post_elements_order":"","neve_meta_disable_header":"","neve_meta_disable_footer":"","neve_meta_disable_title":"","_themeisle_gutenberg_block_has_review":false,"footnotes":""},"class_list":["post-66","page","type-page","status-publish","hentry"],"_links":{"self":[{"href":"https:\/\/parkietekspert.pl\/index.php\/wp-json\/wp\/v2\/pages\/66","targetHints":{"allow":["GET"]}}],"collection":[{"href":"https:\/\/parkietekspert.pl\/index.php\/wp-json\/wp\/v2\/pages"}],"about":[{"href":"https:\/\/parkietekspert.pl\/index.php\/wp-json\/wp\/v2\/types\/page"}],"author":[{"embeddable":true,"href":"https:\/\/parkietekspert.pl\/index.php\/wp-json\/wp\/v2\/users\/1"}],"replies":[{"embeddable":true,"href":"https:\/\/parkietekspert.pl\/index.php\/wp-json\/wp\/v2\/comments?post=66"}],"version-history":[{"count":2,"href":"https:\/\/parkietekspert.pl\/index.php\/wp-json\/wp\/v2\/pages\/66\/revisions"}],"predecessor-version":[{"id":542,"href":"https:\/\/parkietekspert.pl\/index.php\/wp-json\/wp\/v2\/pages\/66\/revisions\/542"}],"wp:attachment":[{"href":"https:\/\/parkietekspert.pl\/index.php\/wp-json\/wp\/v2\/media?parent=66"}],"curies":[{"name":"wp","href":"https:\/\/api.w.org\/{rel}","templated":true}]}}