{"id":5,"date":"2020-01-13T11:17:52","date_gmt":"2020-01-13T11:17:52","guid":{"rendered":"https:\/\/demosites.io\/web-agency-gb\/?page_id=5"},"modified":"2026-04-10T06:58:26","modified_gmt":"2026-04-10T04:58:26","slug":"15c42-web-agency-gb-home","status":"publish","type":"page","link":"https:\/\/parkietekspert.pl\/","title":{"rendered":"Home"},"content":{"rendered":"\n<div style=\"height:80px\" aria-hidden=\"true\" class=\"wp-block-spacer\"><\/div>\n\n\n\n<div class=\"wp-block-columns is-layout-flex wp-container-core-columns-is-layout-9d6595d7 wp-block-columns-is-layout-flex\">\n<div class=\"wp-block-column is-layout-flow wp-block-column-is-layout-flow\"><div class=\"wp-block-image\">\n<figure class=\"aligncenter size-full\"><img loading=\"lazy\" decoding=\"async\" width=\"319\" height=\"239\" src=\"http:\/\/parkietekspert.pl\/wp-content\/uploads\/2023\/05\/1.jpg\" alt=\"\" class=\"wp-image-515\" srcset=\"https:\/\/parkietekspert.pl\/wp-content\/uploads\/2023\/05\/1.jpg 319w, https:\/\/parkietekspert.pl\/wp-content\/uploads\/2023\/05\/1-300x225.jpg 300w\" sizes=\"(max-width: 319px) 100vw, 319px\" \/><\/figure>\n<\/div>\n\n\n<div style=\"height:19px\" aria-hidden=\"true\" class=\"wp-block-spacer\"><\/div>\n\n\n\n<h3 class=\"wp-block-heading has-text-align-center has-neve-text-color-color has-text-color\">Opinie techniczne<\/h3>\n\n\n\n<p class=\"has-text-align-center\">Zwi\u0105zek Rzeczoznawc\u00f3w z zakresu parkieciarstwa i posadzek drewnianych skupia osoby posiadaj\u0105ce wiedz\u0119 i do\u015bwiadczenie zdobywane przez lata praktyki.<\/p>\n\n\n\n<div style=\"height:20px\" aria-hidden=\"true\" class=\"wp-block-spacer\"><\/div>\n<\/div>\n\n\n\n<div class=\"wp-block-column is-layout-flow wp-block-column-is-layout-flow\"><div class=\"wp-block-image icon-style is-style-default\">\n<figure class=\"aligncenter size-full\"><img loading=\"lazy\" decoding=\"async\" width=\"319\" height=\"239\" src=\"http:\/\/parkietekspert.pl\/wp-content\/uploads\/2023\/05\/2.jpg\" alt=\"\" class=\"wp-image-517\" srcset=\"https:\/\/parkietekspert.pl\/wp-content\/uploads\/2023\/05\/2.jpg 319w, https:\/\/parkietekspert.pl\/wp-content\/uploads\/2023\/05\/2-300x225.jpg 300w\" sizes=\"(max-width: 319px) 100vw, 319px\" \/><\/figure>\n<\/div>\n\n\n<div style=\"height:19px\" aria-hidden=\"true\" class=\"wp-block-spacer\"><\/div>\n\n\n\n<h3 class=\"wp-block-heading has-text-align-center has-neve-text-color-color has-text-color\">Wyceny napraw<\/h3>\n\n\n\n<p class=\"has-text-align-center\">Cz\u0142onkowie stowarzyszenia zajmuj\u0105 si\u0119 popularyzacj\u0105 wiedzy o parkieciarstwie i posadzkach drewnianych, a tak\u017ce prowadz\u0105 dzia\u0142alno\u015b\u0107 edukacyjn\u0105<\/p>\n\n\n\n<div style=\"height:20px\" aria-hidden=\"true\" class=\"wp-block-spacer\"><\/div>\n<\/div>\n\n\n\n<div class=\"wp-block-column is-layout-flow wp-block-column-is-layout-flow\"><div class=\"wp-block-image icon-style is-style-default\">\n<figure class=\"aligncenter size-full\"><img loading=\"lazy\" decoding=\"async\" width=\"319\" height=\"239\" src=\"https:\/\/parkietekspert.pl\/wp-content\/uploads\/2023\/05\/3.jpg\" alt=\"\" class=\"wp-image-516\" srcset=\"https:\/\/parkietekspert.pl\/wp-content\/uploads\/2023\/05\/3.jpg 319w, https:\/\/parkietekspert.pl\/wp-content\/uploads\/2023\/05\/3-300x225.jpg 300w\" sizes=\"(max-width: 319px) 100vw, 319px\" \/><\/figure>\n<\/div>\n\n\n<div style=\"height:19px\" aria-hidden=\"true\" class=\"wp-block-spacer\"><\/div>\n\n\n\n<h3 class=\"wp-block-heading has-text-align-center has-neve-text-color-color has-text-color\">Szkolenia<\/h3>\n\n\n\n<p class=\"has-text-align-center\">Wsp\u00f3\u0142pracujemy z instytucjami naukowymi, technicznymi stowarzyszeniami bran\u017cowymi, S\u0105dami Polubownymi oraz pras\u0105 bran\u017cow\u0105.<\/p>\n\n\n\n<div style=\"height:20px\" aria-hidden=\"true\" class=\"wp-block-spacer\"><\/div>\n<\/div>\n<\/div>\n\n\n\n<div style=\"height:11px\" aria-hidden=\"true\" class=\"wp-block-spacer\"><\/div>\n\n\n\n<p class=\"has-text-align-center\"><strong>Oferowane przez naszych rzeczoznawc\u00f3w us\u0142ugi obejmuj\u0105:<\/strong><\/p>\n\n\n\n<p class=\"has-text-align-center\">\u2013 oceny i opinie techniczne dotycz\u0105ce posadzek drewnianych<br>\u2013 opinie z zakresu parkieciarstwa i posadzkarstwa<br>\u2013 wyceny napraw<br>\u2013 doradztwo techniczne<br>\u2013 szkolenia<\/p>\n\n\n\n<p class=\"has-text-align-center\"><strong>Je\u017celi potrzebujesz pomocy, porady napisz do nas:<br><a href=\"mailto:parkietekspert@parkietekspert.pl\">parkietekspert@parkietekspert.pl<\/a><\/strong><br><\/p>\n\n\n\n<div style=\"height:46px\" aria-hidden=\"true\" class=\"wp-block-spacer\"><\/div>\n\n\n\n<div class=\"wp-block-cover alignfull is-light\" style=\"min-height:352px;aspect-ratio:unset;\"><span aria-hidden=\"true\" class=\"wp-block-cover__background has-background-dim-100 has-background-dim\" style=\"background-color:#ebeaea\"><\/span><div class=\"wp-block-cover__inner-container is-layout-flow wp-block-cover-is-layout-flow\">\n<div style=\"height:21px\" aria-hidden=\"true\" class=\"wp-block-spacer\"><\/div>\n\n\n\n<h2 class=\"wp-block-heading has-medium-font-size\">Aktualno\u015bci<\/h2>\n\n\n<div class=\"wp-block-themeisle-blocks-posts-grid\" id=\"wp-block-themeisle-blocks-posts-grid-5e906e12\"><div class=\"is-list\"><div class=\"o-posts-grid-post-blog o-posts-grid-post-plain\"><div class=\"o-posts-grid-post\"><div class=\"o-posts-grid-post-body is-full\"><h4 class=\"o-posts-grid-post-title\"><a href=\"https:\/\/parkietekspert.pl\/index.php\/2021\/10\/21\/jesienne-seminarium-zwiazku-rzeczoznawcow-z-zakresu-parkieciarstwa-i-posadzek-drewnianych-poznan-22-pazdziernika-2021\/\">Jesienne seminarium Zwi\u0105zku Rzeczoznawc\u00f3w z zakresu parkieciarstwa i posadzek drewnianych  Pozna\u0144, 22 pa\u017adziernika 2021<\/a><\/h4><div class=\"o-posts-grid-post-description\"><p>Informujemy, \u017ce w pi\u0105tek 22 pa\u017adziernika 2021 r. Zwi\u0105zek Rzeczoznawc\u00f3w z zakresu parkieciarstwa i po\u2026<\/p><\/div><\/div><\/div><\/div><\/div> <\/div>\n\n\n<div style=\"height:33px\" aria-hidden=\"true\" class=\"wp-block-spacer\"><\/div>\n<\/div><\/div>\n\n\n\n<div class=\"wp-block-cover alignfull\" style=\"min-height:300px;aspect-ratio:unset;\"><span aria-hidden=\"true\" class=\"wp-block-cover__background has-nv-dark-bg-background-color has-background-dim-100 has-background-dim\"><\/span><div class=\"wp-block-cover__inner-container is-layout-flow wp-block-cover-is-layout-flow\">\n<div style=\"height:21px\" aria-hidden=\"true\" class=\"wp-block-spacer\"><\/div>\n\n\n\n<h6 class=\"wp-block-heading has-medium-font-size\" id=\"potrzebujesz-pomocy-napisz\">Potrzebujesz pomocy \u2013 napisz<\/h6>\n\n\n\n<h6 class=\"wp-block-heading has-medium-font-size\" id=\"potrzebujesz-pomocy-napisz\">parkietekspert@parkietekspert.pl<\/h6>\n\n\n\n<div style=\"height:33px\" aria-hidden=\"true\" class=\"wp-block-spacer\"><\/div>\n<\/div><\/div>\n","protected":false},"excerpt":{"rendered":"<p>Opinie techniczne Zwi\u0105zek Rzeczoznawc\u00f3w z zakresu parkieciarstwa i posadzek drewnianych skupia osoby posiadaj\u0105ce wiedz\u0119 i do\u015bwiadczenie zdobywane przez lata praktyki. Wyceny napraw Cz\u0142onkowie stowarzyszenia zajmuj\u0105 si\u0119 popularyzacj\u0105 wiedzy o parkieciarstwie i posadzkach drewnianych, a tak\u017ce prowadz\u0105 dzia\u0142alno\u015b\u0107 edukacyjn\u0105 Szkolenia Wsp\u00f3\u0142pracujemy z instytucjami naukowymi, technicznymi stowarzyszeniami bran\u017cowymi, S\u0105dami Polubownymi oraz pras\u0105 bran\u017cow\u0105. Oferowane przez naszych rzeczoznawc\u00f3w&hellip;&nbsp;<a href=\"https:\/\/parkietekspert.pl\/\" class=\"\" rel=\"bookmark\">Czytaj dalej &raquo;<span class=\"screen-reader-text\">Home<\/span><\/a><\/p>\n","protected":false},"author":1,"featured_media":0,"parent":0,"menu_order":0,"comment_status":"closed","ping_status":"closed","template":"","meta":{"neve_meta_sidebar":"default","neve_meta_container":"default","neve_meta_enable_content_width":"on","neve_meta_content_width":100,"neve_meta_title_alignment":"","neve_meta_author_avatar":"","neve_post_elements_order":"","neve_meta_disable_header":"","neve_meta_disable_footer":"","neve_meta_disable_title":"on","_themeisle_gutenberg_block_has_review":false,"footnotes":""},"class_list":["post-5","page","type-page","status-publish","hentry"],"_links":{"self":[{"href":"https:\/\/parkietekspert.pl\/index.php\/wp-json\/wp\/v2\/pages\/5","targetHints":{"allow":["GET"]}}],"collection":[{"href":"https:\/\/parkietekspert.pl\/index.php\/wp-json\/wp\/v2\/pages"}],"about":[{"href":"https:\/\/parkietekspert.pl\/index.php\/wp-json\/wp\/v2\/types\/page"}],"author":[{"embeddable":true,"href":"https:\/\/parkietekspert.pl\/index.php\/wp-json\/wp\/v2\/users\/1"}],"replies":[{"embeddable":true,"href":"https:\/\/parkietekspert.pl\/index.php\/wp-json\/wp\/v2\/comments?post=5"}],"version-history":[{"count":30,"href":"https:\/\/parkietekspert.pl\/index.php\/wp-json\/wp\/v2\/pages\/5\/revisions"}],"predecessor-version":[{"id":648,"href":"https:\/\/parkietekspert.pl\/index.php\/wp-json\/wp\/v2\/pages\/5\/revisions\/648"}],"wp:attachment":[{"href":"https:\/\/parkietekspert.pl\/index.php\/wp-json\/wp\/v2\/media?parent=5"}],"curies":[{"name":"wp","href":"https:\/\/api.w.org\/{rel}","templated":true}]}}