{"id":389,"date":"2021-11-21T12:29:19","date_gmt":"2021-11-21T11:29:19","guid":{"rendered":"https:\/\/parkietekspert.wordpress.com\/?page_id=311"},"modified":"2025-05-23T15:58:54","modified_gmt":"2025-05-23T13:58:54","slug":"opracowania-i-artykuly","status":"publish","type":"page","link":"https:\/\/parkietekspert.pl\/index.php\/opracowania-i-artykuly\/","title":{"rendered":"Opracowania i publikacje"},"content":{"rendered":"\n<div class=\"wp-block-file\"><a id=\"wp-block-file--media-424d0323-7aed-4053-8231-381b29dadddc\" href=\"http:\/\/parkietekspert.pl\/wp-content\/uploads\/2021\/11\/biegly-ale-czy-na-pewno-specjalista.pdf\">Bieg\u0142y, ale czy na pewno specjalista<\/a><a href=\"http:\/\/parkietekspert.pl\/wp-content\/uploads\/2021\/11\/biegly-ale-czy-na-pewno-specjalista.pdf\" class=\"wp-block-file__button\" download aria-describedby=\"wp-block-file--media-424d0323-7aed-4053-8231-381b29dadddc\">Pobierz<\/a><\/div>\n\n\n\n<div class=\"wp-block-file\"><a id=\"wp-block-file--media-72c8fb6b-7533-4e30-b869-8decf7eb3cf8\" href=\"http:\/\/parkietekspert.pl\/wp-content\/uploads\/2021\/11\/lakiery-wodne-cz.-ii.pdf\">Lakiery wodne cz. II<\/a><a href=\"http:\/\/parkietekspert.pl\/wp-content\/uploads\/2021\/11\/lakiery-wodne-cz.-ii.pdf\" class=\"wp-block-file__button\" download aria-describedby=\"wp-block-file--media-72c8fb6b-7533-4e30-b869-8decf7eb3cf8\">Pobierz<\/a><\/div>\n\n\n\n<div class=\"wp-block-file\"><a id=\"wp-block-file--media-ed2e2003-7887-4e9c-87ee-c2d1fa115d98\" href=\"http:\/\/parkietekspert.pl\/wp-content\/uploads\/2021\/11\/lakiery-wodne-cz.-iii.pdf\">Lakiery wodne cz. III<\/a><a href=\"http:\/\/parkietekspert.pl\/wp-content\/uploads\/2021\/11\/lakiery-wodne-cz.-iii.pdf\" class=\"wp-block-file__button\" download aria-describedby=\"wp-block-file--media-ed2e2003-7887-4e9c-87ee-c2d1fa115d98\">Pobierz<\/a><\/div>\n\n\n\n<div class=\"wp-block-file\"><a id=\"wp-block-file--media-ad892649-5a95-4f47-b844-f226f9c70f0d\" href=\"http:\/\/parkietekspert.pl\/wp-content\/uploads\/2021\/11\/na-granicy-wytrzymalosci.pdf\">Na granicy wytrzyma\u0142o\u015bci<\/a><a href=\"http:\/\/parkietekspert.pl\/wp-content\/uploads\/2021\/11\/na-granicy-wytrzymalosci.pdf\" class=\"wp-block-file__button\" download aria-describedby=\"wp-block-file--media-ad892649-5a95-4f47-b844-f226f9c70f0d\">Pobierz<\/a><\/div>\n\n\n\n<div class=\"wp-block-file\"><a id=\"wp-block-file--media-adaf131b-c6be-4b4f-bb08-7bdcf92ddb94\" href=\"http:\/\/parkietekspert.pl\/wp-content\/uploads\/2021\/11\/parkiet-w-piwnicy.pdf\">Parkiet w piwnicy<\/a><a href=\"http:\/\/parkietekspert.pl\/wp-content\/uploads\/2021\/11\/parkiet-w-piwnicy.pdf\" class=\"wp-block-file__button\" download aria-describedby=\"wp-block-file--media-adaf131b-c6be-4b4f-bb08-7bdcf92ddb94\">Pobierz<\/a><\/div>\n\n\n\n<div class=\"wp-block-file\"><a id=\"wp-block-file--media-85e09f36-891e-4dbf-8803-e8947b68de97\" href=\"http:\/\/parkietekspert.pl\/wp-content\/uploads\/2021\/11\/podlogi-drewniane-jako-wyrob-budowlany.pdf\">Pod\u0142ogi drewniane jako wyr\u00f3b budowlany<\/a><a href=\"http:\/\/parkietekspert.pl\/wp-content\/uploads\/2021\/11\/podlogi-drewniane-jako-wyrob-budowlany.pdf\" class=\"wp-block-file__button\" download aria-describedby=\"wp-block-file--media-85e09f36-891e-4dbf-8803-e8947b68de97\">Pobierz<\/a><\/div>\n\n\n\n<div class=\"wp-block-file\"><a id=\"wp-block-file--media-7a5018c3-790f-4a54-910a-66d72e08bde8\" href=\"http:\/\/parkietekspert.pl\/wp-content\/uploads\/2021\/11\/praca-drewna-w-pomieszczeniach-mieszkalnych.pdf\">Praca drewna w pomieszczeniach mieszkalnych<\/a><a href=\"http:\/\/parkietekspert.pl\/wp-content\/uploads\/2021\/11\/praca-drewna-w-pomieszczeniach-mieszkalnych.pdf\" class=\"wp-block-file__button\" download aria-describedby=\"wp-block-file--media-7a5018c3-790f-4a54-910a-66d72e08bde8\">Pobierz<\/a><\/div>\n\n\n\n<div class=\"wp-block-file\"><a id=\"wp-block-file--media-8904a4f3-fe56-4216-b2cc-e6f509f7cacc\" href=\"http:\/\/parkietekspert.pl\/wp-content\/uploads\/2021\/11\/problematyczny-parkiet-warstwowy.pdf\">Problematyczny parkiet warstwowy<\/a><a href=\"http:\/\/parkietekspert.pl\/wp-content\/uploads\/2021\/11\/problematyczny-parkiet-warstwowy.pdf\" class=\"wp-block-file__button\" download aria-describedby=\"wp-block-file--media-8904a4f3-fe56-4216-b2cc-e6f509f7cacc\">Pobierz<\/a><\/div>\n\n\n\n<div class=\"wp-block-file\"><a id=\"wp-block-file--media-77bbe547-9e7b-4ec3-b4db-50a4faa16fcf\" href=\"http:\/\/parkietekspert.pl\/wp-content\/uploads\/2021\/11\/rola-rzeczoznawcy-i-bieglego-sadowego.pdf\">Rola rzeczoznawcy i bieg\u0142ego s\u0105dowego<\/a><a href=\"http:\/\/parkietekspert.pl\/wp-content\/uploads\/2021\/11\/rola-rzeczoznawcy-i-bieglego-sadowego.pdf\" class=\"wp-block-file__button\" download aria-describedby=\"wp-block-file--media-77bbe547-9e7b-4ec3-b4db-50a4faa16fcf\">Pobierz<\/a><\/div>\n\n\n\n<div class=\"wp-block-file\"><a id=\"wp-block-file--media-6970bdc4-22c6-4daf-84b1-4a7790f29026\" href=\"http:\/\/parkietekspert.pl\/wp-content\/uploads\/2021\/11\/skurcz-i-specznienie-drewna.pdf\">Skurcz i sp\u0119cznienie drewna<\/a><a href=\"http:\/\/parkietekspert.pl\/wp-content\/uploads\/2021\/11\/skurcz-i-specznienie-drewna.pdf\" class=\"wp-block-file__button\" download aria-describedby=\"wp-block-file--media-6970bdc4-22c6-4daf-84b1-4a7790f29026\">Pobierz<\/a><\/div>\n\n\n\n<div class=\"wp-block-file\"><a id=\"wp-block-file--media-138c64f0-f97f-4cc6-8bd8-5dd9ad67a187\" href=\"http:\/\/parkietekspert.pl\/wp-content\/uploads\/2021\/11\/specyficzny-obraz-skurczu-klepek-w-posadzkach-drewnianych-ukladanych-w-jodelke-francuska.pdf\">Specyficzny obraz skurczu klepek w posadzkach drewnianych, uk\u0142adanych w jode\u0142k\u0119 francusk\u0105<\/a><a href=\"http:\/\/parkietekspert.pl\/wp-content\/uploads\/2021\/11\/specyficzny-obraz-skurczu-klepek-w-posadzkach-drewnianych-ukladanych-w-jodelke-francuska.pdf\" class=\"wp-block-file__button\" download aria-describedby=\"wp-block-file--media-138c64f0-f97f-4cc6-8bd8-5dd9ad67a187\">Pobierz<\/a><\/div>\n\n\n\n<div class=\"wp-block-file\"><a id=\"wp-block-file--media-d0c444f2-d27a-4c54-b3ed-040a3a40b75d\" href=\"http:\/\/parkietekspert.pl\/wp-content\/uploads\/2021\/11\/ukladanie-parkietu-przez-internet.pdf\">Uk\u0142adanie parkietu przez Internet<\/a><a href=\"http:\/\/parkietekspert.pl\/wp-content\/uploads\/2021\/11\/ukladanie-parkietu-przez-internet.pdf\" class=\"wp-block-file__button\" download aria-describedby=\"wp-block-file--media-d0c444f2-d27a-4c54-b3ed-040a3a40b75d\">Pobierz<\/a><\/div>\n\n\n\n<div class=\"wp-block-file\"><a id=\"wp-block-file--media-dbd39073-70dd-445d-ac7a-86a129a2bafc\" href=\"http:\/\/parkietekspert.pl\/wp-content\/uploads\/2021\/11\/z-praktyki-rzeczoznawcy-w-bereciku-z-antenka.pdf\">Z praktyki rzeczoznawcy w bereciku z antenk\u0105<\/a><a href=\"http:\/\/parkietekspert.pl\/wp-content\/uploads\/2021\/11\/z-praktyki-rzeczoznawcy-w-bereciku-z-antenka.pdf\" class=\"wp-block-file__button\" download aria-describedby=\"wp-block-file--media-dbd39073-70dd-445d-ac7a-86a129a2bafc\">Pobierz<\/a><\/div>\n\n\n\n<div class=\"wp-block-file\"><a id=\"wp-block-file--media-864a8cf3-ace0-4dcd-bc7a-bd8dd8c3ff57\" href=\"http:\/\/parkietekspert.pl\/wp-content\/uploads\/2021\/11\/zupelnie-prozaiczna-przyczyna.pdf\">Zupe\u0142nie prozaiczna przyczyna<\/a><a href=\"http:\/\/parkietekspert.pl\/wp-content\/uploads\/2021\/11\/zupelnie-prozaiczna-przyczyna.pdf\" class=\"wp-block-file__button\" download aria-describedby=\"wp-block-file--media-864a8cf3-ace0-4dcd-bc7a-bd8dd8c3ff57\">Pobierz<\/a><\/div>\n\n\n\n<div class=\"wp-block-file\"><a id=\"wp-block-file--media-343b8995-4dc2-43d3-b8e8-6b4c00dc81c3\" href=\"http:\/\/parkietekspert.pl\/wp-content\/uploads\/2021\/12\/stare-i-nowe-problemy-podlogi-klasa-reakcji-na-ogien.pdf\">Stare i nowe problemy &#8211; pod\u0142ogi &#8211; klasa reakcji na ogie\u0144<\/a><a href=\"http:\/\/parkietekspert.pl\/wp-content\/uploads\/2021\/12\/stare-i-nowe-problemy-podlogi-klasa-reakcji-na-ogien.pdf\" class=\"wp-block-file__button\" download aria-describedby=\"wp-block-file--media-343b8995-4dc2-43d3-b8e8-6b4c00dc81c3\">Pobierz<\/a><\/div>\n\n\n\n<div class=\"wp-block-file\"><a id=\"wp-block-file--media-bd5e9fd5-df5a-4cac-affd-5c3e758f6144\" href=\"http:\/\/parkietekspert.pl\/wp-content\/uploads\/2021\/12\/przeglad-wspolczesnych-lakierow.pdf\">Przegl\u0105d wsp\u00f3\u0142czesnych lakier\u00f3w<\/a><a href=\"http:\/\/parkietekspert.pl\/wp-content\/uploads\/2021\/12\/przeglad-wspolczesnych-lakierow.pdf\" class=\"wp-block-file__button\" download aria-describedby=\"wp-block-file--media-bd5e9fd5-df5a-4cac-affd-5c3e758f6144\">Pobierz<\/a><\/div>\n\n\n\n<div class=\"wp-block-file\"><a id=\"wp-block-file--media-ab613b65-c5dc-4c64-8f9b-cf13c4872bf8\" href=\"http:\/\/parkietekspert.pl\/wp-content\/uploads\/2021\/12\/zmiana-kodeks-postepowania-cywilnego-kpc-2019-r.pdf\">Zmiana Kodeks post\u0119powania cywilnego KPC &#8211; 2019 r.<\/a><a href=\"http:\/\/parkietekspert.pl\/wp-content\/uploads\/2021\/12\/zmiana-kodeks-postepowania-cywilnego-kpc-2019-r.pdf\" class=\"wp-block-file__button\" download aria-describedby=\"wp-block-file--media-ab613b65-c5dc-4c64-8f9b-cf13c4872bf8\">Pobierz<\/a><\/div>\n\n\n\n<div class=\"wp-block-file\"><a id=\"wp-block-file--media-6563e6f2-eb7f-461c-88bf-e9530b91abef\" href=\"http:\/\/parkietekspert.pl\/wp-content\/uploads\/2021\/12\/podlogi-drewniane-jako-wyrob-budowlany.pdf\">Pod\u0142ogi drewniane jako wyr\u00f3b budowlany<\/a><a href=\"http:\/\/parkietekspert.pl\/wp-content\/uploads\/2021\/12\/podlogi-drewniane-jako-wyrob-budowlany.pdf\" class=\"wp-block-file__button\" download aria-describedby=\"wp-block-file--media-6563e6f2-eb7f-461c-88bf-e9530b91abef\">Pobierz<\/a><\/div>\n\n\n\n<div class=\"wp-block-file\"><a id=\"wp-block-file--media-bcba2793-8027-4b36-84a9-c9c71275fad8\" href=\"http:\/\/parkietekspert.pl\/wp-content\/uploads\/2021\/12\/zmiany-przepisow-dotyczacych-wyrobow-bud.pdf\">Zmiany przepis\u00f3w dotycz\u0105cych wyrob\u00f3w bud.<\/a><a href=\"http:\/\/parkietekspert.pl\/wp-content\/uploads\/2021\/12\/zmiany-przepisow-dotyczacych-wyrobow-bud.pdf\" class=\"wp-block-file__button\" download aria-describedby=\"wp-block-file--media-bcba2793-8027-4b36-84a9-c9c71275fad8\">Pobierz<\/a><\/div>\n\n\n\n<div class=\"wp-block-file\"><a id=\"wp-block-file--media-a00a9c00-db50-411e-8edb-c297128a906a\" href=\"http:\/\/parkietekspert.pl\/wp-content\/uploads\/2021\/12\/na-granicy-wytrzymalosci-.pdf\">Na granicy wytrzyma\u0142o\u015bci<\/a><a href=\"http:\/\/parkietekspert.pl\/wp-content\/uploads\/2021\/12\/na-granicy-wytrzymalosci-.pdf\" class=\"wp-block-file__button\" download aria-describedby=\"wp-block-file--media-a00a9c00-db50-411e-8edb-c297128a906a\">Pobierz<\/a><\/div>\n\n\n\n<div class=\"wp-block-file\"><a id=\"wp-block-file--media-328b5886-a93d-4f25-9e37-93ab7a02e855\" href=\"http:\/\/parkietekspert.pl\/wp-content\/uploads\/2021\/12\/wspolczesne-metody-barwienia-drewna.pdf\">Wsp\u00f3lczesne metody barwienia drewna<\/a><a href=\"http:\/\/parkietekspert.pl\/wp-content\/uploads\/2021\/12\/wspolczesne-metody-barwienia-drewna.pdf\" class=\"wp-block-file__button\" download aria-describedby=\"wp-block-file--media-328b5886-a93d-4f25-9e37-93ab7a02e855\">Pobierz<\/a><\/div>\n\n\n\n<div class=\"wp-block-file\"><a id=\"wp-block-file--media-78cd5e93-a441-44b9-8d5e-51882db9ea4f\" href=\"http:\/\/parkietekspert.pl\/wp-content\/uploads\/2021\/12\/pull-off.pdf\">Pull-Off<\/a><a href=\"http:\/\/parkietekspert.pl\/wp-content\/uploads\/2021\/12\/pull-off.pdf\" class=\"wp-block-file__button\" download aria-describedby=\"wp-block-file--media-78cd5e93-a441-44b9-8d5e-51882db9ea4f\">Pobierz<\/a><\/div>\n\n\n\n<div class=\"wp-block-file\"><a id=\"wp-block-file--media-254612a8-07b3-4d8e-b8de-72b33975b58c\" href=\"http:\/\/parkietekspert.pl\/wp-content\/uploads\/2021\/12\/wspolczesne-kleje-do-parkietow.pdf\">Wsp\u00f3\u0142czesne kleje do parkiet\u00f3w<\/a><a href=\"http:\/\/parkietekspert.pl\/wp-content\/uploads\/2021\/12\/wspolczesne-kleje-do-parkietow.pdf\" class=\"wp-block-file__button\" download aria-describedby=\"wp-block-file--media-254612a8-07b3-4d8e-b8de-72b33975b58c\">Pobierz<\/a><\/div>\n","protected":false},"excerpt":{"rendered":"","protected":false},"author":1,"featured_media":0,"parent":0,"menu_order":0,"comment_status":"closed","ping_status":"closed","template":"","meta":{"neve_meta_sidebar":"","neve_meta_container":"","neve_meta_enable_content_width":"","neve_meta_content_width":0,"neve_meta_title_alignment":"","neve_meta_author_avatar":"","neve_post_elements_order":"","neve_meta_disable_header":"","neve_meta_disable_footer":"","neve_meta_disable_title":"","_themeisle_gutenberg_block_has_review":false,"footnotes":""},"class_list":["post-389","page","type-page","status-publish","hentry"],"_links":{"self":[{"href":"https:\/\/parkietekspert.pl\/index.php\/wp-json\/wp\/v2\/pages\/389","targetHints":{"allow":["GET"]}}],"collection":[{"href":"https:\/\/parkietekspert.pl\/index.php\/wp-json\/wp\/v2\/pages"}],"about":[{"href":"https:\/\/parkietekspert.pl\/index.php\/wp-json\/wp\/v2\/types\/page"}],"author":[{"embeddable":true,"href":"https:\/\/parkietekspert.pl\/index.php\/wp-json\/wp\/v2\/users\/1"}],"replies":[{"embeddable":true,"href":"https:\/\/parkietekspert.pl\/index.php\/wp-json\/wp\/v2\/comments?post=389"}],"version-history":[{"count":2,"href":"https:\/\/parkietekspert.pl\/index.php\/wp-json\/wp\/v2\/pages\/389\/revisions"}],"predecessor-version":[{"id":611,"href":"https:\/\/parkietekspert.pl\/index.php\/wp-json\/wp\/v2\/pages\/389\/revisions\/611"}],"wp:attachment":[{"href":"https:\/\/parkietekspert.pl\/index.php\/wp-json\/wp\/v2\/media?parent=389"}],"curies":[{"name":"wp","href":"https:\/\/api.w.org\/{rel}","templated":true}]}}