{"id":191,"date":"2021-10-22T00:03:39","date_gmt":"2021-10-21T22:03:39","guid":{"rendered":"https:\/\/parkietekspert.wordpress.com\/?page_id=191"},"modified":"2026-01-20T23:03:24","modified_gmt":"2026-01-20T22:03:24","slug":"kontakt","status":"publish","type":"page","link":"https:\/\/parkietekspert.pl\/index.php\/kontakt\/","title":{"rendered":"Zwi\u0105zek Rzeczoznawc\u00f3w z zakresu parkieciarstwa i posadzek drewnianych PARKIET EKSPERT"},"content":{"rendered":"\n<div class=\"wp-block-cover alignwide is-light is-style-default\" style=\"min-height:303px;aspect-ratio:unset;\"><img loading=\"lazy\" decoding=\"async\" width=\"974\" height=\"386\" class=\"wp-block-cover__image-background wp-image-96\" alt=\"\" src=\"http:\/\/parkietekspert.pl\/wp-content\/uploads\/2021\/10\/d1.jpg\" data-object-fit=\"cover\" srcset=\"https:\/\/parkietekspert.pl\/wp-content\/uploads\/2021\/10\/d1.jpg 974w, https:\/\/parkietekspert.pl\/wp-content\/uploads\/2021\/10\/d1-300x119.jpg 300w, https:\/\/parkietekspert.pl\/wp-content\/uploads\/2021\/10\/d1-768x304.jpg 768w\" sizes=\"auto, (max-width: 974px) 100vw, 974px\" \/><span aria-hidden=\"true\" class=\"wp-block-cover__background has-background-dim\"><\/span><div class=\"wp-block-cover__inner-container is-layout-flow wp-block-cover-is-layout-flow\">\n<p class=\"has-large-font-size\"><\/p>\n<\/div><\/div>\n\n\n\n<div style=\"height:50px\" aria-hidden=\"true\" class=\"wp-block-spacer\"><\/div>\n\n\n\n<div class=\"wp-block-jetpack-layout-grid alignfull column1-desktop-grid__span-5 column1-desktop-grid__start-3 column1-desktop-grid__row-1 column2-desktop-grid__span-4 column2-desktop-grid__start-8 column2-desktop-grid__row-1 column1-tablet-grid__span-4 column1-tablet-grid__row-1 column2-tablet-grid__span-4 column2-tablet-grid__start-5 column2-tablet-grid__row-1 column1-mobile-grid__span-4 column1-mobile-grid__row-1 column2-mobile-grid__span-4 column2-mobile-grid__row-2\">\n<div class=\"wp-block-jetpack-layout-grid-column wp-block-jetpack-layout-grid__padding-none\">\n<p class=\"has-text-align-left has-foreground-color has-text-color has-background\" style=\"background-color:#f3f1f1\"><strong>Bortnowski Czes\u0142aw<\/strong> &#8211; rzeczoznawca<\/p>\n\n\n\n<p class=\"has-text-align-left has-background\" style=\"background-color:#f3f1f1\"><strong>Bortnowski Micha\u0142 <\/strong>&#8211; rzeczoznawca<br>Teren dzia\u0142ania: Polska<br>Specjalizacja: parkieciarstwo<br>tel. <strong>602 627 660<\/strong><br>mail: <a href=\"mailto:cichockizbigniew@wp.pl\">michalgieldaparkietow@gmail.com<\/a><\/p>\n\n\n\n<p class=\"has-text-align-left has-foreground-color has-text-color has-background\" style=\"background-color:#f3f1f1\"><strong>Chrzanowski S\u0142awomir <\/strong>&#8211; rzeczoznawca<br>Teren dzia\u0142ania: Polska<br>Specjalizacja : ocena produkt\u00f3w i us\u0142ug parkieciarskich, posadzkarskich, us\u0142ug stolarskich, schod\u00f3w i mebli.<br>tel. <strong>501 265 820<\/strong><br>mail: <a href=\"mailto:stol-mip@wp.pl\">stol-mip@wp.pl<\/a><\/p>\n\n\n\n<p class=\"has-text-align-left has-foreground-color has-text-color has-background\" style=\"background-color:#f3f1f1\"><strong>Cichocki Zbigniew <\/strong>&#8211; rzeczoznawca<br>Teren dzia\u0142ania: wojew\u00f3dztwo wielkopolskie, dolno\u015bl\u0105skie, \u0142\u00f3dzkie<br>Specjalizacja: parkieciarstwo, posadzki drewniane, posadzki drewniane na podk\u0142adach grzewczych, pod\u0142ogi sportowe, pow\u0142oki lakierowe, wyko\u0144czenie olejowe i olejowo-woskowe, spoiny klejowe<br>tel. <strong>796 168 000<\/strong><br>mail: <a href=\"mailto:cichockizbigniew@wp.pl\">cichockizbigniew@wp.pl<\/a><\/p>\n\n\n\n<p class=\"has-text-align-left has-foreground-color has-text-color has-background\" style=\"background-color:#f3f1f1\"><strong>Dziewanowski Janusz <\/strong>&#8211; rzeczoznawca<br>Teren dzia\u0142ania: wojew\u00f3dztwo mazowieckie \/ ca\u0142a Polska<br>Specjalizacja: parkieciarstwo, posadzkarstwo, podk\u0142ady pod\u0142ogowe, posadzki drewniane, posadzki PVC i winylowe, posadzki \u017cywiczne<br>tel. <strong>885 87 37 35<\/strong><br>mail: <a href=\"mailto:janusz.dziewanowski@multicontract.com.pl\">janusz.dziewanowski@multicontract.com.pl<\/a><\/p>\n\n\n\n<p class=\"has-text-align-left has-foreground-color has-text-color has-background\" style=\"background-color:#f3f1f1\"><strong>G\u0142\u00f3wka Jacek <\/strong>&#8211; rzeczoznawca<\/p>\n\n\n\n<p class=\"has-text-align-left has-foreground-color has-text-color has-background\" style=\"background-color:#f3f1f1\"><strong>Grotowska Ma\u0142gorzata <\/strong>&#8211; rzeczoznawca<\/p>\n\n\n\n<p class=\"has-text-align-left has-foreground-color has-text-color has-background\" style=\"background-color:#f3f1f1\"><strong>Jastrz\u0119bski Jerzy <\/strong>&#8211; rzeczoznawca<br>Teren dzia\u0142ania: Dolny \u015al\u0105sk<br>Specjalizacja: parkieciarstwo, podk\u0142ady pod\u0142ogowe, posadzki drewniane, posadzki drewniane na podk\u0142adach grzewczych, pow\u0142oki lakierowe, wyko\u0144czenie olejowe i olejowoskowe  tel. <strong>503 105 873<\/strong> <br>mail:  <a href=\"mailto:biura@parkietyjawor.pl\">biura@parkietyjawor.pl<\/a><\/p>\n\n\n\n<p class=\"has-text-align-left has-foreground-color has-text-color has-background\" style=\"background-color:#f3f1f1\"><strong>Komorowski Marek <\/strong>&#8211; rzeczoznawca<\/p>\n\n\n\n<p class=\"has-text-align-left has-foreground-color has-text-color has-background\" style=\"background-color:#f3f1f1\"><strong>Kope\u0107 Karol <\/strong>&#8211; rzeczoznawca<br>Teren dzia\u0142ania: ca\u0142a Polska \/ UE<br>Specjalizacja: stolarstwo, technologia drewna, posadzki drewniane, drewno zabytkowe, zabytkowe posadzki drewniane, \u015blepe pod\u0142ogi, zabytkowe schody i boazerie, audyty program\u00f3w konserwacji oraz przebiegu prac<br>tel. <strong>600 45 68 65<\/strong><br>mail: <a href=\"mailto:opinie@vp.pl\">opinie@vp.pl<\/a><\/p>\n\n\n\n<p class=\"has-text-align-left has-foreground-color has-text-color has-background\" style=\"background-color:#f3f1f1\"><strong>Kot Robert <\/strong>&#8211; rzeczoznawca<br>tel. <strong>501 246 396<\/strong><br>mail: <a href=\"mailto:parkiety.kot@wp.pl\">parkiety.kot@wp.pl<\/a><\/p>\n\n\n\n<p class=\"has-text-color has-background\" style=\"color:#000000;background-color:#f3f1f1\"><strong>Kuczy\u0144ska-Cichocka Ma\u0142gorzata<\/strong>\u00a0&#8211; rzeczoznawca i <strong>bieg\u0142y s\u0105dowy<\/strong> <br>S\u0105du Okr\u0119gowego w Warszawie i S\u0105du Okr\u0119gowego w Kaliszu<br>Teren dzia\u0142ania:\u00a0ca\u0142a Polska<br>Specjalizacja:\u00a0parkieciarstwo, posadzkarstwo, podk\u0142ady pod\u0142ogowe, posadzki drewniane i drewnopochodne, panele laminowane,\u00a0panele winylowe (LVT), posadzki na podk\u0142adach grzewczych,\u00a0pod\u0142ogi sportowe,\u00a0posadzki \u017cywiczne, posadzki przemys\u0142owe i magazynowe, pow\u0142oki lakierowe,\u00a0wyko\u0144czenie olejowe i olejowo-woskowe, spoiny klejowe, parkiety zabytkowe<br>tel.<strong>605 69 55 22\u00a0<\/strong><br>mail:\u00a0<a href=\"mailto:kuczynscy@parkietykuczynskiego.com.pl\"><\/a><a href=\"mailto:kuczynscy@parkietykuczynskiego.com.pl\">kuczynscy@parkietykuczynskiego.com.pl<\/a>\u00a0<\/p>\n\n\n\n<p class=\"has-text-align-left has-foreground-color has-text-color has-background\" style=\"background-color:#f3f1f1\"><strong>Kurnikowski Jaros\u0142aw <\/strong>&#8211; rzeczoznawca i <strong>bieg\u0142y s\u0105dowy<\/strong> S\u0105du Okr\u0119gowego w Gda\u0144sku, Szczecin, Olsztyn, Koszalin, S\u0142upsk, Toru\u0144 <br>Teren dzia\u0142ania:&nbsp;Polska<br>Specjalizacja:&nbsp;parkieciarstwo, pod\u0142ogi sportowe, deski pod\u0142ogowe, bruk drewniany, lakierowanie, olejowanie, posadzkarstwo, posadzki przemys\u0142owe, \u017cywiczne, winylowe, z gresu, z kamienia, podk\u0142ady pod\u0142ogowe<br>tel. <strong>506 699 109<\/strong><br>mail: <a href=\"mailto:biuro@parpo.pl\">biuro@parpo.pl<\/a><\/p>\n\n\n\n<p class=\"has-text-align-left has-foreground-color has-text-color has-background\" style=\"background-color:#f3f1f1\"><strong>Noskowiak Andrzej <\/strong>&#8211; rzeczoznawca<\/p>\n\n\n\n<p class=\"has-text-align-left has-foreground-color has-text-color has-background\" style=\"background-color:#f3f1f1\"><strong>Klaudiusz D\u0119bowski  <\/strong>&#8211; rzeczoznawca<br>Teren dzia\u0142ania: woj. mazowiecki, woj. \u0142\u00f3dzkie<br>Specjalizacja: parkieciarstwo, posadzki drewniane<br>tel. <strong>601 290 031<\/strong><br>mail: <a href=\"mailto:parkietdom@interia.pl\">parkietdom@interia.pl<\/a><\/p>\n\n\n\n<p class=\"has-text-align-left has-foreground-color has-text-color has-background\" style=\"background-color:#f3f1f1\"><strong>Romanovski Valerjan <\/strong>&#8211; rzeczoznawca<br>Teren dzia\u0142ania: Warszawa, Krak\u00f3w<br>Specjalizacja: parkieciarstwo, stolarstwo, technologia drewna, posadzki drewniane, posadzki drewniane na podk\u0142adach grzewczych, tarasy, spoiny klejowe<br>tel. <strong>504 161 026<\/strong><br>mail: <a href=\"mailto:valerjanromanovski@gmail.com\">valerjanromanovski@gmail.com<\/a><\/p>\n\n\n\n<p class=\"has-text-align-left has-foreground-color has-text-color has-background\" style=\"background-color:#f3f1f1\"><strong>Stanis\u0142awski Grzegorz <\/strong>&#8211; rzeczoznawca<\/p>\n\n\n\n<h2 class=\"wp-block-heading has-text-align-center\" id=\"zapraszamy-do-kontaktu\" style=\"font-size:37px\">Zapraszamy do kontaktu!<\/h2>\n\n\n\n<p class=\"has-text-align-center has-background has-medium-font-size\" style=\"background-color:#f3f3f3\">Zapraszamy do kontaktu z naszymi cz\u0142onkami<br>oraz bezpo\u015brednio na email <a href=\"mailto:parkietekspert@parkietekspert.pl\"><\/a><strong><a href=\"mailto:parkietekspert@parkietekspert.pl\">parkietekspert@parkietekspert.pl<\/a><\/strong><br><\/p>\n\n\n\n<p>Mo\u017cesz nas r\u00f3wnie\u017c \u015bledzi\u0107 :<\/p>\n\n\n\n<ul class=\"wp-block-social-links margin-top-half is-layout-flex wp-block-social-links-is-layout-flex\">\n\n<li class=\"wp-social-link wp-social-link-facebook  wp-block-social-link\"><a href=\"#\" class=\"wp-block-social-link-anchor\"><svg width=\"24\" height=\"24\" viewBox=\"0 0 24 24\" version=\"1.1\" xmlns=\"http:\/\/www.w3.org\/2000\/svg\" aria-hidden=\"true\" focusable=\"false\"><path d=\"M12 2C6.5 2 2 6.5 2 12c0 5 3.7 9.1 8.4 9.9v-7H7.9V12h2.5V9.8c0-2.5 1.5-3.9 3.8-3.9 1.1 0 2.2.2 2.2.2v2.5h-1.3c-1.2 0-1.6.8-1.6 1.6V12h2.8l-.4 2.9h-2.3v7C18.3 21.1 22 17 22 12c0-5.5-4.5-10-10-10z\"><\/path><\/svg><span class=\"wp-block-social-link-label screen-reader-text\">Facebook<\/span><\/a><\/li>\n\n<li class=\"wp-social-link wp-social-link-twitter  wp-block-social-link\"><a href=\"#\" class=\"wp-block-social-link-anchor\"><svg width=\"24\" height=\"24\" viewBox=\"0 0 24 24\" version=\"1.1\" xmlns=\"http:\/\/www.w3.org\/2000\/svg\" aria-hidden=\"true\" focusable=\"false\"><path d=\"M22.23,5.924c-0.736,0.326-1.527,0.547-2.357,0.646c0.847-0.508,1.498-1.312,1.804-2.27 c-0.793,0.47-1.671,0.812-2.606,0.996C18.324,4.498,17.257,4,16.077,4c-2.266,0-4.103,1.837-4.103,4.103 c0,0.322,0.036,0.635,0.106,0.935C8.67,8.867,5.647,7.234,3.623,4.751C3.27,5.357,3.067,6.062,3.067,6.814 c0,1.424,0.724,2.679,1.825,3.415c-0.673-0.021-1.305-0.206-1.859-0.513c0,0.017,0,0.034,0,0.052c0,1.988,1.414,3.647,3.292,4.023 c-0.344,0.094-0.707,0.144-1.081,0.144c-0.264,0-0.521-0.026-0.772-0.074c0.522,1.63,2.038,2.816,3.833,2.85 c-1.404,1.1-3.174,1.756-5.096,1.756c-0.331,0-0.658-0.019-0.979-0.057c1.816,1.164,3.973,1.843,6.29,1.843 c7.547,0,11.675-6.252,11.675-11.675c0-0.178-0.004-0.355-0.012-0.531C20.985,7.47,21.68,6.747,22.23,5.924z\"><\/path><\/svg><span class=\"wp-block-social-link-label screen-reader-text\">Twitter<\/span><\/a><\/li>\n\n<li class=\"wp-social-link wp-social-link-instagram  wp-block-social-link\"><a href=\"#\" class=\"wp-block-social-link-anchor\"><svg width=\"24\" height=\"24\" viewBox=\"0 0 24 24\" version=\"1.1\" xmlns=\"http:\/\/www.w3.org\/2000\/svg\" aria-hidden=\"true\" focusable=\"false\"><path d=\"M12,4.622c2.403,0,2.688,0.009,3.637,0.052c0.877,0.04,1.354,0.187,1.671,0.31c0.42,0.163,0.72,0.358,1.035,0.673 c0.315,0.315,0.51,0.615,0.673,1.035c0.123,0.317,0.27,0.794,0.31,1.671c0.043,0.949,0.052,1.234,0.052,3.637 s-0.009,2.688-0.052,3.637c-0.04,0.877-0.187,1.354-0.31,1.671c-0.163,0.42-0.358,0.72-0.673,1.035 c-0.315,0.315-0.615,0.51-1.035,0.673c-0.317,0.123-0.794,0.27-1.671,0.31c-0.949,0.043-1.233,0.052-3.637,0.052 s-2.688-0.009-3.637-0.052c-0.877-0.04-1.354-0.187-1.671-0.31c-0.42-0.163-0.72-0.358-1.035-0.673 c-0.315-0.315-0.51-0.615-0.673-1.035c-0.123-0.317-0.27-0.794-0.31-1.671C4.631,14.688,4.622,14.403,4.622,12 s0.009-2.688,0.052-3.637c0.04-0.877,0.187-1.354,0.31-1.671c0.163-0.42,0.358-0.72,0.673-1.035 c0.315-0.315,0.615-0.51,1.035-0.673c0.317-0.123,0.794-0.27,1.671-0.31C9.312,4.631,9.597,4.622,12,4.622 M12,3 C9.556,3,9.249,3.01,8.289,3.054C7.331,3.098,6.677,3.25,6.105,3.472C5.513,3.702,5.011,4.01,4.511,4.511 c-0.5,0.5-0.808,1.002-1.038,1.594C3.25,6.677,3.098,7.331,3.054,8.289C3.01,9.249,3,9.556,3,12c0,2.444,0.01,2.751,0.054,3.711 c0.044,0.958,0.196,1.612,0.418,2.185c0.23,0.592,0.538,1.094,1.038,1.594c0.5,0.5,1.002,0.808,1.594,1.038 c0.572,0.222,1.227,0.375,2.185,0.418C9.249,20.99,9.556,21,12,21s2.751-0.01,3.711-0.054c0.958-0.044,1.612-0.196,2.185-0.418 c0.592-0.23,1.094-0.538,1.594-1.038c0.5-0.5,0.808-1.002,1.038-1.594c0.222-0.572,0.375-1.227,0.418-2.185 C20.99,14.751,21,14.444,21,12s-0.01-2.751-0.054-3.711c-0.044-0.958-0.196-1.612-0.418-2.185c-0.23-0.592-0.538-1.094-1.038-1.594 c-0.5-0.5-1.002-0.808-1.594-1.038c-0.572-0.222-1.227-0.375-2.185-0.418C14.751,3.01,14.444,3,12,3L12,3z M12,7.378 c-2.552,0-4.622,2.069-4.622,4.622S9.448,16.622,12,16.622s4.622-2.069,4.622-4.622S14.552,7.378,12,7.378z M12,15 c-1.657,0-3-1.343-3-3s1.343-3,3-3s3,1.343,3,3S13.657,15,12,15z M16.804,6.116c-0.596,0-1.08,0.484-1.08,1.08 s0.484,1.08,1.08,1.08c0.596,0,1.08-0.484,1.08-1.08S17.401,6.116,16.804,6.116z\"><\/path><\/svg><span class=\"wp-block-social-link-label screen-reader-text\">Instagram<\/span><\/a><\/li>\n\n\n\n<li class=\"wp-social-link wp-social-link-youtube  wp-block-social-link\"><a href=\"#\" class=\"wp-block-social-link-anchor\"><svg width=\"24\" height=\"24\" viewBox=\"0 0 24 24\" version=\"1.1\" xmlns=\"http:\/\/www.w3.org\/2000\/svg\" aria-hidden=\"true\" focusable=\"false\"><path d=\"M21.8,8.001c0,0-0.195-1.378-0.795-1.985c-0.76-0.797-1.613-0.801-2.004-0.847c-2.799-0.202-6.997-0.202-6.997-0.202 h-0.009c0,0-4.198,0-6.997,0.202C4.608,5.216,3.756,5.22,2.995,6.016C2.395,6.623,2.2,8.001,2.2,8.001S2,9.62,2,11.238v1.517 c0,1.618,0.2,3.237,0.2,3.237s0.195,1.378,0.795,1.985c0.761,0.797,1.76,0.771,2.205,0.855c1.6,0.153,6.8,0.201,6.8,0.201 s4.203-0.006,7.001-0.209c0.391-0.047,1.243-0.051,2.004-0.847c0.6-0.607,0.795-1.985,0.795-1.985s0.2-1.618,0.2-3.237v-1.517 C22,9.62,21.8,8.001,21.8,8.001z M9.935,14.594l-0.001-5.62l5.404,2.82L9.935,14.594z\"><\/path><\/svg><span class=\"wp-block-social-link-label screen-reader-text\">YouTube<\/span><\/a><\/li><\/ul>\n<\/div>\n\n\n\n<div class=\"wp-block-jetpack-layout-grid-column wp-block-jetpack-layout-grid__padding-none\"><\/div>\n<\/div>\n","protected":false},"excerpt":{"rendered":"<p>Bortnowski Czes\u0142aw &#8211; rzeczoznawca Bortnowski Micha\u0142 &#8211; rzeczoznawcaTeren dzia\u0142ania: PolskaSpecjalizacja: parkieciarstwotel. 602 627 660mail: michalgieldaparkietow@gmail.com Chrzanowski S\u0142awomir &#8211; rzeczoznawcaTeren dzia\u0142ania: PolskaSpecjalizacja : ocena produkt\u00f3w i us\u0142ug parkieciarskich, posadzkarskich, us\u0142ug stolarskich, schod\u00f3w i mebli.tel. 501 265 820mail: stol-mip@wp.pl Cichocki Zbigniew &#8211; rzeczoznawcaTeren dzia\u0142ania: wojew\u00f3dztwo wielkopolskie, dolno\u015bl\u0105skie, \u0142\u00f3dzkieSpecjalizacja: parkieciarstwo, posadzki drewniane, posadzki drewniane na podk\u0142adach grzewczych, pod\u0142ogi&hellip;&nbsp;<a href=\"https:\/\/parkietekspert.pl\/index.php\/kontakt\/\" class=\"\" rel=\"bookmark\">Czytaj dalej &raquo;<span class=\"screen-reader-text\">Zwi\u0105zek Rzeczoznawc\u00f3w z zakresu parkieciarstwa i posadzek drewnianych PARKIET EKSPERT<\/span><\/a><\/p>\n","protected":false},"author":1,"featured_media":153,"parent":0,"menu_order":0,"comment_status":"closed","ping_status":"closed","template":"","meta":{"neve_meta_sidebar":"","neve_meta_container":"","neve_meta_enable_content_width":"","neve_meta_content_width":0,"neve_meta_title_alignment":"","neve_meta_author_avatar":"","neve_post_elements_order":"","neve_meta_disable_header":"","neve_meta_disable_footer":"","neve_meta_disable_title":"","_themeisle_gutenberg_block_has_review":false,"footnotes":""},"class_list":["post-191","page","type-page","status-publish","has-post-thumbnail","hentry"],"_links":{"self":[{"href":"https:\/\/parkietekspert.pl\/index.php\/wp-json\/wp\/v2\/pages\/191","targetHints":{"allow":["GET"]}}],"collection":[{"href":"https:\/\/parkietekspert.pl\/index.php\/wp-json\/wp\/v2\/pages"}],"about":[{"href":"https:\/\/parkietekspert.pl\/index.php\/wp-json\/wp\/v2\/types\/page"}],"author":[{"embeddable":true,"href":"https:\/\/parkietekspert.pl\/index.php\/wp-json\/wp\/v2\/users\/1"}],"replies":[{"embeddable":true,"href":"https:\/\/parkietekspert.pl\/index.php\/wp-json\/wp\/v2\/comments?post=191"}],"version-history":[{"count":30,"href":"https:\/\/parkietekspert.pl\/index.php\/wp-json\/wp\/v2\/pages\/191\/revisions"}],"predecessor-version":[{"id":636,"href":"https:\/\/parkietekspert.pl\/index.php\/wp-json\/wp\/v2\/pages\/191\/revisions\/636"}],"wp:featuredmedia":[{"embeddable":true,"href":"https:\/\/parkietekspert.pl\/index.php\/wp-json\/wp\/v2\/media\/153"}],"wp:attachment":[{"href":"https:\/\/parkietekspert.pl\/index.php\/wp-json\/wp\/v2\/media?parent=191"}],"curies":[{"name":"wp","href":"https:\/\/api.w.org\/{rel}","templated":true}]}}